{"id":23,"date":"2021-05-03T14:59:51","date_gmt":"2021-05-03T14:59:51","guid":{"rendered":"https:\/\/simonahupov.com\/games\/?page_id=23"},"modified":"2021-05-07T15:30:28","modified_gmt":"2021-05-07T15:30:28","slug":"jocurile-equilibrium","status":"publish","type":"page","link":"https:\/\/games.simonahupov.com\/","title":{"rendered":"Jocurile Equilibrium"},"content":{"rendered":"\n<h3 class=\"has-text-align-center wp-block-heading\">E\u0219ti gata de distrac\u021bie?<\/h3>\n\n\n\n<p class=\"has-text-align-center\">Folose\u0219te jocurile Equilibrium \u00een familie, la clas\u0103 sau \u00een after school, pentru a  cre\u0219te cuno\u0219tin\u021bele \u0219i abilit\u0103\u021bile sociale ale copiilor, pentru a stimula comunicarea \u0219i a dezvolta spiritul de echip\u0103!<\/p>\n\n\n\n<figure class=\"wp-block-gallery columns-3 is-cropped wp-block-gallery-1 is-layout-flex wp-block-gallery-is-layout-flex\"><ul class=\"blocks-gallery-grid\"><li class=\"blocks-gallery-item\"><figure><img loading=\"lazy\" decoding=\"async\" width=\"1024\" height=\"768\" src=\"https:\/\/games.simonahupov.com\/wp-content\/uploads\/2021\/05\/IMG_20210503_170425-1024x768.jpg\" alt=\"\" data-id=\"36\" data-full-url=\"https:\/\/games.simonahupov.com\/wp-content\/uploads\/2021\/05\/IMG_20210503_170425-scaled.jpg\" data-link=\"https:\/\/games.simonahupov.com\/img_20210503_170425\/\" class=\"wp-image-36\" srcset=\"https:\/\/games.simonahupov.com\/wp-content\/uploads\/2021\/05\/IMG_20210503_170425-1024x768.jpg 1024w, https:\/\/games.simonahupov.com\/wp-content\/uploads\/2021\/05\/IMG_20210503_170425-300x225.jpg 300w, https:\/\/games.simonahupov.com\/wp-content\/uploads\/2021\/05\/IMG_20210503_170425-768x576.jpg 768w, https:\/\/games.simonahupov.com\/wp-content\/uploads\/2021\/05\/IMG_20210503_170425-1536x1152.jpg 1536w, https:\/\/games.simonahupov.com\/wp-content\/uploads\/2021\/05\/IMG_20210503_170425-2048x1536.jpg 2048w\" sizes=\"auto, (max-width: 1024px) 100vw, 1024px\" \/><\/figure><\/li><li class=\"blocks-gallery-item\"><figure><img loading=\"lazy\" decoding=\"async\" width=\"1024\" height=\"768\" src=\"https:\/\/games.simonahupov.com\/wp-content\/uploads\/2021\/05\/IMG_20210503_170138-1024x768.jpg\" alt=\"\" data-id=\"33\" data-full-url=\"https:\/\/games.simonahupov.com\/wp-content\/uploads\/2021\/05\/IMG_20210503_170138-scaled.jpg\" data-link=\"https:\/\/games.simonahupov.com\/img_20210503_170138\/\" class=\"wp-image-33\" srcset=\"https:\/\/games.simonahupov.com\/wp-content\/uploads\/2021\/05\/IMG_20210503_170138-1024x768.jpg 1024w, https:\/\/games.simonahupov.com\/wp-content\/uploads\/2021\/05\/IMG_20210503_170138-300x225.jpg 300w, https:\/\/games.simonahupov.com\/wp-content\/uploads\/2021\/05\/IMG_20210503_170138-768x576.jpg 768w, https:\/\/games.simonahupov.com\/wp-content\/uploads\/2021\/05\/IMG_20210503_170138-1536x1152.jpg 1536w, https:\/\/games.simonahupov.com\/wp-content\/uploads\/2021\/05\/IMG_20210503_170138-2048x1536.jpg 2048w\" sizes=\"auto, (max-width: 1024px) 100vw, 1024px\" \/><\/figure><\/li><li class=\"blocks-gallery-item\"><figure><img loading=\"lazy\" decoding=\"async\" width=\"1024\" height=\"768\" src=\"https:\/\/games.simonahupov.com\/wp-content\/uploads\/2021\/05\/IMG_20210503_170602-1024x768.jpg\" alt=\"\" data-id=\"40\" data-full-url=\"https:\/\/games.simonahupov.com\/wp-content\/uploads\/2021\/05\/IMG_20210503_170602-scaled.jpg\" data-link=\"https:\/\/games.simonahupov.com\/img_20210503_170602\/\" class=\"wp-image-40\" srcset=\"https:\/\/games.simonahupov.com\/wp-content\/uploads\/2021\/05\/IMG_20210503_170602-1024x768.jpg 1024w, https:\/\/games.simonahupov.com\/wp-content\/uploads\/2021\/05\/IMG_20210503_170602-300x225.jpg 300w, https:\/\/games.simonahupov.com\/wp-content\/uploads\/2021\/05\/IMG_20210503_170602-768x576.jpg 768w, https:\/\/games.simonahupov.com\/wp-content\/uploads\/2021\/05\/IMG_20210503_170602-1536x1152.jpg 1536w, https:\/\/games.simonahupov.com\/wp-content\/uploads\/2021\/05\/IMG_20210503_170602-2048x1536.jpg 2048w\" sizes=\"auto, (max-width: 1024px) 100vw, 1024px\" \/><\/figure><\/li><li class=\"blocks-gallery-item\"><figure><img loading=\"lazy\" decoding=\"async\" width=\"1024\" height=\"768\" src=\"https:\/\/games.simonahupov.com\/wp-content\/uploads\/2021\/05\/IMG_20210503_170922-1024x768.jpg\" alt=\"\" data-id=\"47\" data-full-url=\"https:\/\/games.simonahupov.com\/wp-content\/uploads\/2021\/05\/IMG_20210503_170922-scaled.jpg\" data-link=\"https:\/\/games.simonahupov.com\/img_20210503_170922\/\" class=\"wp-image-47\" srcset=\"https:\/\/games.simonahupov.com\/wp-content\/uploads\/2021\/05\/IMG_20210503_170922-1024x768.jpg 1024w, https:\/\/games.simonahupov.com\/wp-content\/uploads\/2021\/05\/IMG_20210503_170922-300x225.jpg 300w, https:\/\/games.simonahupov.com\/wp-content\/uploads\/2021\/05\/IMG_20210503_170922-768x576.jpg 768w, https:\/\/games.simonahupov.com\/wp-content\/uploads\/2021\/05\/IMG_20210503_170922-1536x1152.jpg 1536w, https:\/\/games.simonahupov.com\/wp-content\/uploads\/2021\/05\/IMG_20210503_170922-2048x1536.jpg 2048w\" sizes=\"auto, (max-width: 1024px) 100vw, 1024px\" \/><\/figure><\/li><\/ul><\/figure>\n","protected":false},"excerpt":{"rendered":"<p>E\u0219ti gata de distrac\u021bie? Folose\u0219te jocurile Equilibrium \u00een familie, la clas\u0103 sau \u00een after school, pentru a cre\u0219te cuno\u0219tin\u021bele \u0219i abilit\u0103\u021bile sociale ale copiilor, pentru a stimula comunicarea \u0219i a dezvolta spiritul de echip\u0103!<\/p>\n","protected":false},"author":1,"featured_media":0,"parent":0,"menu_order":0,"comment_status":"closed","ping_status":"closed","template":"","meta":{"footnotes":""},"class_list":["post-23","page","type-page","status-publish","hentry"],"_links":{"self":[{"href":"https:\/\/games.simonahupov.com\/index.php\/wp-json\/wp\/v2\/pages\/23","targetHints":{"allow":["GET"]}}],"collection":[{"href":"https:\/\/games.simonahupov.com\/index.php\/wp-json\/wp\/v2\/pages"}],"about":[{"href":"https:\/\/games.simonahupov.com\/index.php\/wp-json\/wp\/v2\/types\/page"}],"author":[{"embeddable":true,"href":"https:\/\/games.simonahupov.com\/index.php\/wp-json\/wp\/v2\/users\/1"}],"replies":[{"embeddable":true,"href":"https:\/\/games.simonahupov.com\/index.php\/wp-json\/wp\/v2\/comments?post=23"}],"version-history":[{"count":5,"href":"https:\/\/games.simonahupov.com\/index.php\/wp-json\/wp\/v2\/pages\/23\/revisions"}],"predecessor-version":[{"id":151,"href":"https:\/\/games.simonahupov.com\/index.php\/wp-json\/wp\/v2\/pages\/23\/revisions\/151"}],"wp:attachment":[{"href":"https:\/\/games.simonahupov.com\/index.php\/wp-json\/wp\/v2\/media?parent=23"}],"curies":[{"name":"wp","href":"https:\/\/api.w.org\/{rel}","templated":true}]}}